{"id":3339,"date":"2014-05-22T09:45:40","date_gmt":"2014-05-22T07:45:40","guid":{"rendered":"http:\/\/www.dasunukat.de\/miniblog\/?page_id=3339"},"modified":"2015-04-08T11:24:27","modified_gmt":"2015-04-08T09:24:27","slug":"ueber-den-blog","status":"publish","type":"page","link":"http:\/\/www.dasunukat.de\/miniblog\/ueber-den-blog\/","title":{"rendered":"\u00dcber den Blog"},"content":{"rendered":"<p><!--INFOLINKS_OFF--><\/p>\n<p><center><\/p>\n<div style=\"max-height: 130px; border-top: 1px solid; border-bottom: 1px solid; background-color: #e8e8e8;\">\n<h2>Herzlich Willkommen in meinem Miniblog.<\/h2>\n<\/div>\n<div style=\"background-image: url('http:\/\/www.dasunukat.de\/miniblog\/wp-content\/uploads\/logo1v2-400.png'); background-position: top; background-repeat: repeat-x;\">\n<p><a title=\"Rover Mini Xn - Startseite\" href=\"http:\/\/www.dasunukat.de\" target=\"_blank\"><b>&#8222;Rover Mini XN &#8211; mein MPi und unsere t\u00e4glichen Abenteuer&#8220;<\/b><\/a> ist ein Blog, der auf nette und pers\u00f6nliche Art vom spannenden<br \/>\nLeben eines Klassik Mini Liebhabers erz\u00e4hlt.<br \/>\nEine Zeitreise von Geschichten \u00fcber Ausfahrten zu Reparaturen bishin zu Sch\u00f6nheitsoperationen,<br \/>\nvon Experimenten, zu Erfahrungsberichten, \u00fcber Tipps und Tricks und vieles vieles mehr erz\u00e4hle<br \/>\nich euch wie in einem t\u00e4glichen Tagebuch von Lijan ( mein MPi ) und mir.<\/p>\n<\/div>\n<p><\/center>Mit Bildern, Videos und spannenden Geschichten, liebevoll realistisch,<br \/>\ngew\u00fcrzt mit einer Portion Humor und einer Brise Sarkasmus schenke ich euch<br \/>\neinen tiefen Einblick in meine t\u00e4glichen Mini Abenteuer.<br \/>\nNun lade ich euch ein Teil zu werden. Lasst euch <b>&#8222;minifizieren&#8220;<\/b>,<br \/>\nschreibt Kommentare, tragt euch in den <a title=\"Rover Mini Xn - Newsletter\" href=\"http:\/\/www.dasunukat.de\/miniblog\/newsletter\/\" target=\"_blank\">Newsletter<\/a> ein, werdet <a title=\"Rover Mini Xn - Facebook Fanpage\" href=\"https:\/\/www.facebook.com\/pages\/Rover-Mini-Xn-mein-MPi-und-seine-t%C3%A4glichen-Abenteuer\/143379812395535\" target=\"_blank\">Fan<\/a> oder aboniert den <a title=\"Rover Mini Xn - RSS Feed\" href=\"http:\/\/www.dasunukat.de\/miniblog\/feed\/\" target=\"_blank\">RSS<\/a>.<br \/>\nUnd wenn ihr selbst einen Mini besitzt und auch davon erz\u00e4hlen wollt, dann nehmt Kontakt zu mir auf.<\/p>\n","protected":false},"excerpt":{"rendered":"<p>Herzlich Willkommen in meinem Miniblog. &#8222;Rover Mini XN &#8211; mein MPi und unsere t\u00e4glichen Abenteuer&#8220; ist ein Blog, der auf nette und pers\u00f6nliche Art vom spannenden Leben eines Klassik Mini Liebhabers erz\u00e4hlt. Eine Zeitreise von Geschichten \u00fcber Ausfahrten zu Reparaturen <span class=\"excerpt-dots\">&hellip;<\/span> <a class=\"more-link\" href=\"http:\/\/www.dasunukat.de\/miniblog\/ueber-den-blog\/\"><span class=\"more-msg\">Weiterlesen &rarr;<\/span><\/a><\/p>\n","protected":false},"author":1,"featured_media":0,"parent":0,"menu_order":0,"comment_status":"open","ping_status":"open","template":"","meta":{"footnotes":""},"class_list":["post-3339","page","type-page","status-publish","hentry"],"_links":{"self":[{"href":"http:\/\/www.dasunukat.de\/miniblog\/wp-json\/wp\/v2\/pages\/3339","targetHints":{"allow":["GET"]}}],"collection":[{"href":"http:\/\/www.dasunukat.de\/miniblog\/wp-json\/wp\/v2\/pages"}],"about":[{"href":"http:\/\/www.dasunukat.de\/miniblog\/wp-json\/wp\/v2\/types\/page"}],"author":[{"embeddable":true,"href":"http:\/\/www.dasunukat.de\/miniblog\/wp-json\/wp\/v2\/users\/1"}],"replies":[{"embeddable":true,"href":"http:\/\/www.dasunukat.de\/miniblog\/wp-json\/wp\/v2\/comments?post=3339"}],"version-history":[{"count":0,"href":"http:\/\/www.dasunukat.de\/miniblog\/wp-json\/wp\/v2\/pages\/3339\/revisions"}],"wp:attachment":[{"href":"http:\/\/www.dasunukat.de\/miniblog\/wp-json\/wp\/v2\/media?parent=3339"}],"curies":[{"name":"wp","href":"https:\/\/api.w.org\/{rel}","templated":true}]}}